{"id":212,"date":"2024-11-04T15:36:18","date_gmt":"2024-11-04T15:36:18","guid":{"rendered":"https:\/\/www.kivircikhali.com\/?page_id=212"},"modified":"2025-07-24T06:42:35","modified_gmt":"2025-07-24T06:42:35","slug":"iletisime","status":"publish","type":"page","link":"https:\/\/www.kivircikhali.com\/en\/iletisime\/","title":{"rendered":"Contact"},"content":{"rendered":"<div class=\"wp-block-group alignfull has-global-padding is-layout-constrained wp-container-core-group-is-layout-12243e0f wp-block-group-is-layout-constrained\"><iframe src=\"https:\/\/www.google.com\/maps\/embed?pb=!1m18!1m12!1m3!1d12028.42279453699!2d28.871330999999994!3d41.08853715!2m3!1f0!2f0!3f0!3m2!1i1024!2i768!4f13.1!3m3!1m2!1s0x14cab028c40cf051%3A0xab587cd70ee01180!2zRW1hbiBIYWzEsWPEsWzEsWs!5e0!3m2!1sen!2str!4v1753339192866!5m2!1sen!2str\" width=\"600\" height=\"450\" style=\"border:0;\" allowfullscreen=\"\" loading=\"lazy\" referrerpolicy=\"no-referrer-when-downgrade\"><\/iframe>\n\n<h2 class=\"wp-block-heading has-text-align-center\" style=\"margin-top:var(--wp--preset--spacing--30);margin-bottom:0\">Contact Us Now<br><\/h2>\n\n<div class=\"wp-block-contact-form-7-contact-form-selector\"><p class=\"wpcf7-contact-form-not-found\"><strong>Error:<\/strong> Contact form not found.<\/p><\/div>\n\n<div class=\"wp-block-group alignfull has-background has-global-padding is-layout-constrained wp-container-core-group-is-layout-d89aad35 wp-block-group-is-layout-constrained\" style=\"background-color:#f3f3f3;margin-top:0;margin-bottom:0;padding-top:var(--wp--preset--spacing--50);padding-right:var(--wp--preset--spacing--50);padding-bottom:var(--wp--preset--spacing--50);padding-left:var(--wp--preset--spacing--50)\"><div class=\"wp-block-columns alignwide is-layout-flex wp-container-core-columns-is-layout-1da03c2a wp-block-columns-is-layout-flex\"><div class=\"wp-block-column is-vertically-aligned-center is-layout-flow wp-block-column-is-layout-flow\" style=\"flex-basis:60%\"><figure class=\"wp-block-image size-full is-style-rounded is-style-rounded--1\"><img decoding=\"async\" width=\"1024\" height=\"1024\" src=\"http:\/\/www.kivircikhali.com\/wp-content\/uploads\/2025\/07\/kivircik-hali-logo.webp\" alt=\"K\u0131v\u0131rc\u0131k Hal\u0131 Logo\" class=\"wp-image-372\" style=\"aspect-ratio:4\/3;object-fit:cover\" srcset=\"https:\/\/www.kivircikhali.com\/wp-content\/uploads\/2025\/07\/kivircik-hali-logo.webp 1024w, https:\/\/www.kivircikhali.com\/wp-content\/uploads\/2025\/07\/kivircik-hali-logo-300x300.webp 300w, https:\/\/www.kivircikhali.com\/wp-content\/uploads\/2025\/07\/kivircik-hali-logo-150x150.webp 150w, https:\/\/www.kivircikhali.com\/wp-content\/uploads\/2025\/07\/kivircik-hali-logo-768x768.webp 768w, https:\/\/www.kivircikhali.com\/wp-content\/uploads\/2025\/07\/kivircik-hali-logo-600x600.webp 600w, https:\/\/www.kivircikhali.com\/wp-content\/uploads\/2025\/07\/kivircik-hali-logo-100x100.webp 100w\" sizes=\"(max-width: 1024px) 100vw, 1024px\" \/><\/figure><\/div>\n\n<div class=\"wp-block-column is-layout-flow wp-block-column-is-layout-flow\" style=\"flex-basis:40%\"><h1 class=\"wp-block-heading has-text-align-center\">Curly Carpet<\/h1>\n\n<p class=\"has-large-font-size\">Office: (+90) 212 477 02 90<\/p>\n\n<p class=\"has-large-font-size\">Accounting: (+90) 541 465 44 15<\/p>\n\n<p class=\"has-large-font-size\">Sales: (+90) 541 465 44 14<\/p>\n\n<p class=\"has-large-font-size\">E-Mail: <a href=\"mailto:emanzemin@gmail.com\">emanzemin@gmail.com<\/a><\/p><\/div><\/div><\/div><\/div>","protected":false},"excerpt":{"rendered":"<p>Bize Hemen Ula\u015f\u0131n K\u0131v\u0131rc\u0131k Hal\u0131 Ofis: (+90) 212 477 02 90 Muhasebe: (+90) 541 465 44 15 Sati\u015f: (+90) 541 465 44 14 E-Posta: emanzemin@gmail.com<\/p>","protected":false},"author":1,"featured_media":0,"parent":0,"menu_order":0,"comment_status":"closed","ping_status":"closed","template":"","meta":{"_acf_changed":false,"footnotes":""},"class_list":["post-212","page","type-page","status-publish","hentry"],"acf":[],"aioseo_notices":[],"_links":{"self":[{"href":"https:\/\/www.kivircikhali.com\/en\/wp-json\/wp\/v2\/pages\/212","targetHints":{"allow":["GET"]}}],"collection":[{"href":"https:\/\/www.kivircikhali.com\/en\/wp-json\/wp\/v2\/pages"}],"about":[{"href":"https:\/\/www.kivircikhali.com\/en\/wp-json\/wp\/v2\/types\/page"}],"author":[{"embeddable":true,"href":"https:\/\/www.kivircikhali.com\/en\/wp-json\/wp\/v2\/users\/1"}],"replies":[{"embeddable":true,"href":"https:\/\/www.kivircikhali.com\/en\/wp-json\/wp\/v2\/comments?post=212"}],"version-history":[{"count":0,"href":"https:\/\/www.kivircikhali.com\/en\/wp-json\/wp\/v2\/pages\/212\/revisions"}],"wp:attachment":[{"href":"https:\/\/www.kivircikhali.com\/en\/wp-json\/wp\/v2\/media?parent=212"}],"curies":[{"name":"wp","href":"https:\/\/api.w.org\/{rel}","templated":true}]}}