{"id":22,"date":"2024-11-04T06:56:53","date_gmt":"2024-11-04T06:56:53","guid":{"rendered":"https:\/\/www.kivircikhali.com\/sepet\/"},"modified":"2024-11-04T16:23:48","modified_gmt":"2024-11-04T16:23:48","slug":"sepet","status":"publish","type":"page","link":"https:\/\/www.kivircikhali.com\/en\/sepet\/","title":{"rendered":"Sepet"},"content":{"rendered":"<div data-block-name=\"woocommerce\/cart\" class=\"wp-block-woocommerce-cart alignwide is-loading\"><div data-block-name=\"woocommerce\/filled-cart-block\" class=\"wp-block-woocommerce-filled-cart-block\"><div data-block-name=\"woocommerce\/cart-items-block\" class=\"wp-block-woocommerce-cart-items-block\"><div data-block-name=\"woocommerce\/cart-line-items-block\" class=\"wp-block-woocommerce-cart-line-items-block\"><\/div>\n\n<div data-block-name=\"woocommerce\/cart-cross-sells-block\" class=\"wp-block-woocommerce-cart-cross-sells-block\"><h2 class=\"wp-block-heading has-large-font-size\">\u0130lginizi \u00e7ekebilir\u2026<\/h2>\n\n<div data-block-name=\"woocommerce\/cart-cross-sells-products-block\" class=\"wp-block-woocommerce-cart-cross-sells-products-block\"><\/div><\/div><\/div>\n\n<div data-block-name=\"woocommerce\/cart-totals-block\" class=\"wp-block-woocommerce-cart-totals-block\"><div data-block-name=\"woocommerce\/cart-order-summary-block\" class=\"wp-block-woocommerce-cart-order-summary-block\"><div data-block-name=\"woocommerce\/cart-order-summary-heading-block\" class=\"wp-block-woocommerce-cart-order-summary-heading-block\"><\/div><div data-block-name=\"woocommerce\/cart-order-summary-coupon-form-block\" class=\"wp-block-woocommerce-cart-order-summary-coupon-form-block\"><\/div><div data-block-name=\"woocommerce\/cart-order-summary-totals-block\" class=\"wp-block-woocommerce-cart-order-summary-totals-block\">\n<div data-block-name=\"woocommerce\/cart-order-summary-subtotal-block\" class=\"wp-block-woocommerce-cart-order-summary-subtotal-block\"><\/div>\n<div data-block-name=\"woocommerce\/cart-order-summary-discount-block\" class=\"wp-block-woocommerce-cart-order-summary-discount-block\"><\/div>\n<div data-block-name=\"woocommerce\/cart-order-summary-fee-block\" class=\"wp-block-woocommerce-cart-order-summary-fee-block\"><\/div>\n<div data-block-name=\"woocommerce\/cart-order-summary-shipping-block\" class=\"wp-block-woocommerce-cart-order-summary-shipping-block\"><\/div>\n<div data-block-name=\"woocommerce\/cart-order-summary-taxes-block\" class=\"wp-block-woocommerce-cart-order-summary-taxes-block\"><\/div><\/div><\/div>\n\n<div data-block-name=\"woocommerce\/cart-express-payment-block\" class=\"wp-block-woocommerce-cart-express-payment-block\"><\/div>\n\n<div data-block-name=\"woocommerce\/proceed-to-checkout-block\" class=\"wp-block-woocommerce-proceed-to-checkout-block\"><\/div>\n\n<div data-block-name=\"woocommerce\/cart-accepted-payment-methods-block\" class=\"wp-block-woocommerce-cart-accepted-payment-methods-block\"><\/div><\/div><\/div>\n\n<div data-block-name=\"woocommerce\/empty-cart-block\" class=\"wp-block-woocommerce-empty-cart-block\"><h2 class=\"wp-block-heading has-text-align-center with-empty-cart-icon wc-block-cart__empty-cart__title\">Sepetiniz \u015fu anda bo\u015f!<\/h2>\n\n<hr class=\"wp-block-separator has-alpha-channel-opacity is-style-dots\"\/>\n\n<h2 class=\"wp-block-heading has-text-align-center\">Ma\u011fazada yeni<\/h2>\n\n<div data-block-name=\"woocommerce\/product-new\" data-columns=\"4\" data-rows=\"1\" class=\"wc-block-grid wp-block-product-new wp-block-woocommerce-product-new wc-block-product-new has-4-columns\"><ul class=\"wc-block-grid__products\"><li class=\"wc-block-grid__product\">\n\t\t\t\t<a href=\"https:\/\/www.kivircikhali.com\/en\/product\/kivircik-dis-mekan-merdiven-ve-basamak-paspasi-6\/\" class=\"wc-block-grid__product-link\">\n\t\t\t\t\t\n\t\t\t\t\t<div class=\"wc-block-grid__product-image\"><img decoding=\"async\" width=\"300\" height=\"300\" src=\"https:\/\/www.kivircikhali.com\/wp-content\/uploads\/2025\/07\/merdiven-paspasi-urun-3-300x300.webp\" class=\"attachment-woocommerce_thumbnail size-woocommerce_thumbnail\" alt=\"K\u0131v\u0131rc\u0131k D\u0131\u015f Mekan Merdiven ve Basamak Paspas\u0131\" srcset=\"https:\/\/www.kivircikhali.com\/wp-content\/uploads\/2025\/07\/merdiven-paspasi-urun-3-300x300.webp 300w, https:\/\/www.kivircikhali.com\/wp-content\/uploads\/2025\/07\/merdiven-paspasi-urun-3-150x150.webp 150w, https:\/\/www.kivircikhali.com\/wp-content\/uploads\/2025\/07\/merdiven-paspasi-urun-3-100x100.webp 100w\" sizes=\"(max-width: 300px) 100vw, 300px\" \/><\/div>\n\t\t\t\t\t<div class=\"wc-block-grid__product-title\">Curly Outdoor Stair and Step Mat<\/div>\n\t\t\t\t<\/a>\n\t\t\t\t<div class=\"wc-block-grid__product-price price\"><\/div>\n\t\t\t\t\n\t\t\t\t<div class=\"wp-block-button wc-block-grid__product-add-to-cart\"><a href=\"https:\/\/www.kivircikhali.com\/en\/product\/kivircik-dis-mekan-merdiven-ve-basamak-paspasi-6\/\" aria-label=\"Read more about \u201cK\u0131v\u0131rc\u0131k D\u0131\u015f Mekan Merdiven ve Basamak Paspas\u0131\u201d\" data-quantity=\"1\" data-product_id=\"807\" data-product_sku=\"\" data-price=\"0\" rel=\"nofollow\" class=\"wp-block-button__link wp-element-button add_to_cart_button\" data-no-translation=\"\" data-trp-gettext=\"\" data-no-translation-aria-label=\"\">Read more<\/a><\/div>\n\t\t\t<\/li><li class=\"wc-block-grid__product\">\n\t\t\t\t<a href=\"https:\/\/www.kivircikhali.com\/en\/product\/kivircik-dis-mekan-merdiven-ve-basamak-paspasi-5\/\" class=\"wc-block-grid__product-link\">\n\t\t\t\t\t\n\t\t\t\t\t<div class=\"wc-block-grid__product-image\"><img decoding=\"async\" width=\"300\" height=\"300\" src=\"https:\/\/www.kivircikhali.com\/wp-content\/uploads\/2025\/07\/merdiven-paspasi-urun-2-1-300x300.webp\" class=\"attachment-woocommerce_thumbnail size-woocommerce_thumbnail\" alt=\"K\u0131v\u0131rc\u0131k D\u0131\u015f Mekan Merdiven ve Basamak Paspas\u0131\" srcset=\"https:\/\/www.kivircikhali.com\/wp-content\/uploads\/2025\/07\/merdiven-paspasi-urun-2-1-300x300.webp 300w, https:\/\/www.kivircikhali.com\/wp-content\/uploads\/2025\/07\/merdiven-paspasi-urun-2-1-150x150.webp 150w, https:\/\/www.kivircikhali.com\/wp-content\/uploads\/2025\/07\/merdiven-paspasi-urun-2-1-100x100.webp 100w\" sizes=\"(max-width: 300px) 100vw, 300px\" \/><\/div>\n\t\t\t\t\t<div class=\"wc-block-grid__product-title\">Curly Outdoor Stair and Step Mat<\/div>\n\t\t\t\t<\/a>\n\t\t\t\t<div class=\"wc-block-grid__product-price price\"><\/div>\n\t\t\t\t\n\t\t\t\t<div class=\"wp-block-button wc-block-grid__product-add-to-cart\"><a href=\"https:\/\/www.kivircikhali.com\/en\/product\/kivircik-dis-mekan-merdiven-ve-basamak-paspasi-5\/\" aria-label=\"Read more about \u201cK\u0131v\u0131rc\u0131k D\u0131\u015f Mekan Merdiven ve Basamak Paspas\u0131\u201d\" data-quantity=\"1\" data-product_id=\"805\" data-product_sku=\"\" data-price=\"0\" rel=\"nofollow\" class=\"wp-block-button__link wp-element-button add_to_cart_button\" data-no-translation=\"\" data-trp-gettext=\"\" data-no-translation-aria-label=\"\">Read more<\/a><\/div>\n\t\t\t<\/li><li class=\"wc-block-grid__product\">\n\t\t\t\t<a href=\"https:\/\/www.kivircikhali.com\/en\/product\/kahverengi-kivircik-paspasi\/\" class=\"wc-block-grid__product-link\">\n\t\t\t\t\t\n\t\t\t\t\t<div class=\"wc-block-grid__product-image\"><img decoding=\"async\" width=\"300\" height=\"300\" src=\"https:\/\/www.kivircikhali.com\/wp-content\/uploads\/2025\/07\/brown-curly-mat-1-300x300.webp\" class=\"attachment-woocommerce_thumbnail size-woocommerce_thumbnail\" alt=\"Kahverengi K\u0131v\u0131rc\u0131k Paspas\u0131\" srcset=\"https:\/\/www.kivircikhali.com\/wp-content\/uploads\/2025\/07\/brown-curly-mat-1-300x300.webp 300w, https:\/\/www.kivircikhali.com\/wp-content\/uploads\/2025\/07\/brown-curly-mat-1-150x150.webp 150w, https:\/\/www.kivircikhali.com\/wp-content\/uploads\/2025\/07\/brown-curly-mat-1-100x100.webp 100w\" sizes=\"(max-width: 300px) 100vw, 300px\" \/><\/div>\n\t\t\t\t\t<div class=\"wc-block-grid__product-title\">Brown Curly Mat<\/div>\n\t\t\t\t<\/a>\n\t\t\t\t<div class=\"wc-block-grid__product-price price\"><span class=\"woocommerce-Price-amount amount\"><span class=\"woocommerce-Price-currencySymbol\">&#8378;<\/span>480,00<\/span><\/div>\n\t\t\t\t\n\t\t\t\t<div class=\"wp-block-button wc-block-grid__product-add-to-cart\"><a href=\"?add-to-cart=782\" aria-label=\"Add to cart: \u201cKahverengi K\u0131v\u0131rc\u0131k Paspas\u0131\u201d\" data-quantity=\"1\" data-product_id=\"782\" data-product_sku=\"\" data-price=\"480\" rel=\"nofollow\" class=\"wp-block-button__link wp-element-button add_to_cart_button ajax_add_to_cart\" data-no-translation=\"\" data-trp-gettext=\"\" data-no-translation-aria-label=\"\">Add to cart<\/a><\/div>\n\t\t\t<\/li><li class=\"wc-block-grid__product\">\n\t\t\t\t<a href=\"https:\/\/www.kivircikhali.com\/en\/product\/bej-kivircik-paspasi\/\" class=\"wc-block-grid__product-link\">\n\t\t\t\t\t\n\t\t\t\t\t<div class=\"wc-block-grid__product-image\"><img decoding=\"async\" width=\"300\" height=\"300\" src=\"https:\/\/www.kivircikhali.com\/wp-content\/uploads\/2025\/07\/beige-curly-mat-1-300x300.webp\" class=\"attachment-woocommerce_thumbnail size-woocommerce_thumbnail\" alt=\"Bej K\u0131v\u0131rc\u0131k Paspas\u0131\" srcset=\"https:\/\/www.kivircikhali.com\/wp-content\/uploads\/2025\/07\/beige-curly-mat-1-300x300.webp 300w, https:\/\/www.kivircikhali.com\/wp-content\/uploads\/2025\/07\/beige-curly-mat-1-150x150.webp 150w, https:\/\/www.kivircikhali.com\/wp-content\/uploads\/2025\/07\/beige-curly-mat-1-100x100.webp 100w\" sizes=\"(max-width: 300px) 100vw, 300px\" \/><\/div>\n\t\t\t\t\t<div class=\"wc-block-grid__product-title\">Beige Curly Mat<\/div>\n\t\t\t\t<\/a>\n\t\t\t\t<div class=\"wc-block-grid__product-price price\"><span class=\"woocommerce-Price-amount amount\"><span class=\"woocommerce-Price-currencySymbol\">&#8378;<\/span>480,00<\/span><\/div>\n\t\t\t\t\n\t\t\t\t<div class=\"wp-block-button wc-block-grid__product-add-to-cart\"><a href=\"?add-to-cart=778\" aria-label=\"Add to cart: \u201cBej K\u0131v\u0131rc\u0131k Paspas\u0131\u201d\" data-quantity=\"1\" data-product_id=\"778\" data-product_sku=\"\" data-price=\"480\" rel=\"nofollow\" class=\"wp-block-button__link wp-element-button add_to_cart_button ajax_add_to_cart\" data-no-translation=\"\" data-trp-gettext=\"\" data-no-translation-aria-label=\"\">Add to cart<\/a><\/div>\n\t\t\t<\/li><\/ul><\/div><\/div><\/div>","protected":false},"excerpt":{"rendered":"","protected":false},"author":1,"featured_media":0,"parent":0,"menu_order":0,"comment_status":"closed","ping_status":"closed","template":"","meta":{"_acf_changed":false,"footnotes":""},"class_list":["post-22","page","type-page","status-publish","hentry"],"acf":[],"aioseo_notices":[],"_links":{"self":[{"href":"https:\/\/www.kivircikhali.com\/en\/wp-json\/wp\/v2\/pages\/22","targetHints":{"allow":["GET"]}}],"collection":[{"href":"https:\/\/www.kivircikhali.com\/en\/wp-json\/wp\/v2\/pages"}],"about":[{"href":"https:\/\/www.kivircikhali.com\/en\/wp-json\/wp\/v2\/types\/page"}],"author":[{"embeddable":true,"href":"https:\/\/www.kivircikhali.com\/en\/wp-json\/wp\/v2\/users\/1"}],"replies":[{"embeddable":true,"href":"https:\/\/www.kivircikhali.com\/en\/wp-json\/wp\/v2\/comments?post=22"}],"version-history":[{"count":0,"href":"https:\/\/www.kivircikhali.com\/en\/wp-json\/wp\/v2\/pages\/22\/revisions"}],"wp:attachment":[{"href":"https:\/\/www.kivircikhali.com\/en\/wp-json\/wp\/v2\/media?parent=22"}],"curies":[{"name":"wp","href":"https:\/\/api.w.org\/{rel}","templated":true}]}}