{"id":3,"date":"2024-11-04T06:03:35","date_gmt":"2024-11-04T06:03:35","guid":{"rendered":"http:\/\/www.kivircikhali.com\/?page_id=3"},"modified":"2024-11-04T13:57:13","modified_gmt":"2024-11-04T13:57:13","slug":"privacy-policy","status":"publish","type":"page","link":"https:\/\/www.kivircikhali.com\/en\/privacy-policy\/","title":{"rendered":"Gizlilik ve G\u00fcvenlik"},"content":{"rendered":"<h2 class=\"wp-block-heading\"><strong>Biz kimiz<\/strong><\/h2><p>Eman Hal\u0131c\u0131l\u0131k, \u00f6ncelikle m\u00fc\u015fterilerine daha g\u00fcvenli bir sanal deneyim ortam\u0131 sa\u011flamay\u0131 ilke edinmi\u015f bir firma olarak, a\u015fa\u011f\u0131daki gizlilik kurallar\u0131na uyulmas\u0131n\u0131 \u015fart ko\u015far.<\/p><h2 class=\"wp-block-heading\"><strong>E-posta Adresleri<\/strong> <\/h2><p>E-posta adresiniz hi\u00e7bir nedenle ve hi\u00e7bir muhatap nezdinde a\u00e7\u0131klanmayacak ve kullan\u0131lmayacak olup, belirli zamanlarda <a href=\"https:\/\/altinbas.com\/?form=MG0AV3\" target=\"_blank\" rel=\"noreferrer noopener\">altinbas.com <\/a>ile ilgili tan\u0131t\u0131m ve bilgilendirmelerde kullan\u0131lacakt\u0131r.<\/p><h2 class=\"wp-block-heading\"><strong>Ki\u015fisel Bilgiler<\/strong> <\/h2><p>Bize verdi\u011finiz ki\u015fisel bilgiler, sizin onay\u0131n\u0131z d\u0131\u015f\u0131nda di\u011fer m\u00fc\u015fteriler, ki\u015filer ya da t\u00fczel ki\u015filikler ile payla\u015f\u0131lmayacakt\u0131r. Eman Hal\u0131c\u0131l\u0131k, 6502 say\u0131l\u0131 \u201cT\u00fcketicinin Korunmas\u0131 Hakk\u0131nda Kanun\u201d h\u00fck\u00fcmlerini eksiksiz olarak yerine getirmeyi taahh\u00fct eder.<\/p><h2 class=\"wp-block-heading\"><strong>G\u00fcvenlik Politikam\u0131z<\/strong> <\/h2><p>Sitemizde kredi kart\u0131 i\u015flemleri kesinlikle yap\u0131lmamaktad\u0131r.<\/p><h2 class=\"wp-block-heading\"><strong>WEB Sitesi-Ziyaret\u00e7i Haberle\u015fme G\u00fcvenli\u011fi<\/strong> <\/h2><p>Sitemizin sipari\u015f sayfalar\u0131nda site ile ziyaret\u00e7i aras\u0131ndaki haberle\u015fme 256 bit SSL standard\u0131nda ger\u00e7ekle\u015fmektedir. Kredi kart\u0131 bilgilerinin verilece\u011fi s\u0131rada sayfada bu haberle\u015fme bi\u00e7iminin bulunup bulunmad\u0131\u011f\u0131, \u00f6deme sayfas\u0131na eri\u015fildi\u011finde adres \u00e7ubu\u011funda yazan ifadenin http:\/\/ bi\u00e7iminde de\u011fil, &#8220;https:\/\/&#8221; bi\u00e7iminde olu\u015fu ifade etmektedir. Bu nitelikteki sayfalara eri\u015fti\u011finizde taray\u0131c\u0131n\u0131n sa\u011f alt k\u00f6\u015fesinde kilit ikonu da yer almaktad\u0131r.<\/p><h2 class=\"wp-block-heading\"><strong>Ki\u015fisel Verilerin \u0130\u015flenmesi ve Aktar\u0131lmas\u0131 Hakk\u0131nda Bilgilendirme<\/strong> <\/h2><p>De\u011ferli M\u00fc\u015fterilerimiz, Eman Hal\u0131c\u0131l\u0131k San. Ve Tic. Ltd. \u015eti. (EMAN HALI) olarak, ki\u015fisel verilerinizin g\u00fcvenli\u011fi hususuna azami \u00f6nem vermekteyiz. Bu kapsamda, \u00fcr\u00fcn ve hizmetlerimizden faydalanan ki\u015filer ve \u015firketimiz ile ili\u015fkili t\u00fcm \u015fah\u0131slara ait her t\u00fcrl\u00fc ki\u015fisel verilerin, 6698 say\u0131l\u0131 Ki\u015fisel Verilerin Korunmas\u0131 Kanunu (KVKK)\u2019na uygun olarak, i\u015flenme ama\u00e7lar\u0131, hukuki nedenleri, toplanma y\u00f6ntemleri, kimlere ve hangi ama\u00e7larla aktar\u0131labilece\u011fi ve KVKK kapsam\u0131nda size tan\u0131nan haklara ili\u015fkin olarak sizleri bilgilendirmek istiyoruz.<\/p><h2 class=\"wp-block-heading\"><strong>Ki\u015fisel Verilerinizin \u0130\u015flenme Ama\u00e7lar\u0131 ve Hukuki Sebepleri<\/strong><\/h2><ul class=\"wp-block-list\"><li>M\u00fc\u015fterilerimizi daha iyi tan\u0131yarak ihtiya\u00e7lar\u0131n\u0131 anlamak,<\/li>\n\n<li>M\u00fc\u015fterilerimiz ile ileti\u015fimimizi geli\u015ftirerek daha etkin ve kaliteli hizmet vermek,<\/li>\n\n<li>Sat\u0131\u015f, pazarlama, reklam ve tan\u0131t\u0131m faaliyetlerinin y\u00fcr\u00fct\u00fclebilmesi,<\/li>\n\n<li>Kurumsal ileti\u015fim ve etkinlik y\u00f6netimi aktivite ve s\u00fcre\u00e7lerinin i\u015fletilebilmesi,<\/li>\n\n<li>M\u00fc\u015fterilerimize ki\u015fisel \u00fcr\u00fcn, hizmet ve teklif sunabilmek,<\/li>\n\n<li>\u00dcr\u00fcn ve hizmetlerimiz hakk\u0131nda memnuniyetleri \u00f6l\u00e7mek,<\/li>\n\n<li>M\u00fc\u015fterimizin istek ve ihtiya\u00e7lar\u0131 do\u011frultusunda \u00fcr\u00fcn ve hizmetlerimizi geli\u015ftirmek, \u00e7e\u015fitlendirmek i\u00e7in ve bunlarla birlikte gerekli kalite ve standart denetimlerimizi yapabilmek,<\/li>\n\n<li>M\u00fc\u015fterilerimize sunulan hizmetlerin\/\u00fcr\u00fcnlerin kalitesinin art\u0131r\u0131lmas\u0131\/geli\u015ftirilmesi yap\u0131lacak uygulamalar ile sat\u0131\u015f ve pazarlama faaliyetleri i\u00e7in yap\u0131lacak ba\u015fta sizlere \u00f6zel reklam, kampanya, avantajlar ve di\u011fer faydalar\u0131n sunulmas\u0131 ve tele-sat\u0131\u015f faaliyetleri olmak \u00fczere sair sat\u0131\u015f, pazarlama ve CRM (M\u00fc\u015fteri \u0130li\u015fkileri Y\u00f6netimi) \u00e7al\u0131\u015fmalar\u0131n\u0131n y\u00fcr\u00fct\u00fclmesi,<\/li>\n\n<li>Sat\u0131\u015f ve pazarlama faaliyetleri i\u00e7in yap\u0131lacak analizler, profilleme \u00e7al\u0131\u015fmalar\u0131,<\/li>\n\n<li>Web sitemizde yer alan onay kutucu\u011fu arac\u0131l\u0131\u011f\u0131yla onay vermeniz halinde taraf\u0131n\u0131za ticari elektronik ileti g\u00f6nderilmesi.<\/li><\/ul><h2 class=\"wp-block-heading\"><strong>Ki\u015fisel Verilerinizin Toplanma Y\u00f6ntemi<\/strong> <\/h2><p>Ki\u015fisel verileriniz, \u015eirketimiz veya \u015eirketimiz ad\u0131na veri i\u015fleyen ger\u00e7ek ya da t\u00fczel ki\u015filer taraf\u0131ndan, say\u0131lanlarla s\u0131n\u0131rl\u0131 olmamak \u00fczere, s\u00f6zl\u00fc, yaz\u0131l\u0131 veya elektronik olarak, a\u015fa\u011f\u0131da belirtilen y\u00f6ntemlerle toplanabilir;<\/p><ul class=\"wp-block-list\"><li>Elektronik ya da fiziki olarak doldurdu\u011funuz \u00fcyelik formu,<\/li>\n\n<li>\u0130nternet sitelerimize \u00fcyelik veya giri\u015f s\u0131ras\u0131nda \u00fcye giri\u015fi yapman\u0131z\u0131 sa\u011flayan sosyal a\u011flar,<\/li>\n\n<li>\u0130nternet sitelerimiz veya \u00fc\u00e7\u00fcnc\u00fc ki\u015filere ait internet sitelerinde yer alan, bizimle ileti\u015fime ge\u00e7mek \u00fczere doldurdu\u011funuz ileti\u015fim formlar\u0131,<\/li>\n\n<li>\u00c7evirim i\u00e7i al\u0131\u015fveri\u015f uygulamalar\u0131, sizi tan\u0131mak i\u00e7in kullan\u0131lan \u00e7erezler (cookies), mobil uygulamalar\u0131m\u0131z,<\/li>\n\n<li>\u015eirketimiz ile imzalam\u0131\u015f oldu\u011funuz muhtelif s\u00f6zle\u015fmeler ile \u015eirketimize g\u00f6ndermi\u015f oldu\u011funuz elektronik postalar, faks ve mektuplar,<\/li>\n\n<li>\u015eirketimiz ad\u0131na veri i\u015fleyen yahut \u00fcyelik program\u0131 s\u00fcrecinin herhangi bir safhas\u0131nda \u015firketimize destek veren \u00fc\u00e7\u00fcnc\u00fc ki\u015fi firma(lar),<\/li>\n\n<li>\u00c7al\u0131\u015fanlar\u0131m\u0131z, dijital pazarlama ve \u00e7a\u011fr\u0131 merkezi d\u00e2hil olmak \u00fczere m\u00fc\u015fteri hizmetleri kanallar\u0131m\u0131z,<\/li>\n\n<li>Sosyal medya kanallar\u0131, Google vb. arama motorlar\u0131n\u0131n kullan\u0131m\u0131,<\/li>\n\n<li>Pazar ara\u015ft\u0131rmas\u0131 \u015firketleri ve m\u00fc\u015fteri memnuniyeti \u00f6l\u00e7\u00fcmlemeye yarayan \u015firketler ve programlar,<\/li>\n\n<li>\u00dcyelik s\u00f6zle\u015fmeleri ve sair di\u011fer s\u00f6zle\u015fmeler, kampanyalar, ba\u015fvurular, formlar, teklifler,<\/li>\n\n<li>Bayilerimiz, ileride olmas\u0131 halinde franchise\u2019lar\u0131m\u0131z ve di\u011fer sat\u0131\u015f a\u011f\u0131.<\/li><\/ul><h2 class=\"wp-block-heading\"><strong>Ki\u015fisel Verilerinizin Aktar\u0131lmas\u0131<\/strong> <\/h2><p>Ki\u015fisel verileriniz yukar\u0131da say\u0131lan ama\u00e7lar d\u00e2hilinde, KVKK ve y\u00fcr\u00fcrl\u00fckte olan mevzuata uygun olarak, Grup \u015eirketlerimiz ile payla\u015f\u0131labilece\u011fi gibi, say\u0131lanlar ile s\u0131n\u0131rl\u0131 olmamak \u00fczere; sundu\u011fumuz hizmetin ama\u00e7lar\u0131 do\u011frultusunda, a\u015fa\u011f\u0131da belirtilen ki\u015filere aktar\u0131labilecektir;<\/p><ul class=\"wp-block-list\"><li>\u0130\u015f ortaklar\u0131m\u0131z, i\u015f ba\u011flant\u0131lar\u0131m\u0131z, ifa yard\u0131mc\u0131lar\u0131m\u0131z, bayilerimiz ve alt y\u00fcklenicilerimiz ile sundu\u011fumuz hizmetin amac\u0131 do\u011frultusunda, d\u00fczenleyici, denetleyici kurumlar,<\/li>\n\n<li>Kulland\u0131\u011f\u0131m\u0131z bili\u015fim teknolojileri gere\u011fi, yurt i\u00e7inde ya da yurtd\u0131\u015f\u0131nda bulunan sunucular ve bu sunucu deste\u011fini veren firmalar ile fiziksel server ve\/veya bulut hizmeti ald\u0131\u011f\u0131m\u0131z yurt i\u00e7i\/yurt d\u0131\u015f\u0131 ki\u015fi ve kurumlar,<\/li>\n\n<li>\u015eirketimiz ad\u0131na veri i\u015fleyen, m\u00fc\u015fteri memnuniyeti \u00f6l\u00e7\u00fcmleme, profilleme deste\u011fi veren, sat\u0131\u015f ve pazarlama alan\u0131nda sms, mailing, ar\u015fivleme ba\u015fta olmak \u00fczere ki\u015fisel verilerin i\u015flenmesi gereken konularda destek veren firmalar.<\/li><\/ul><h2 class=\"wp-block-heading\"><strong>Ki\u015fisel Veri Sahibi Olarak KVKK\u2019nun 11. Maddesinde Say\u0131lan Haklar\u0131n\u0131z<\/strong><\/h2><ul class=\"wp-block-list\"><li>Ki\u015fisel verilerinizin i\u015flenip i\u015flenmedi\u011fini \u00f6\u011frenme,<\/li>\n\n<li>Ki\u015fisel verileriniz i\u015flenmi\u015fse buna ili\u015fkin bilgi talep etme,<\/li>\n\n<li>Ki\u015fisel verilerinizin i\u015flenme amac\u0131n\u0131 ve bunlar\u0131n amac\u0131na uygun kullan\u0131l\u0131p kullan\u0131lmad\u0131\u011f\u0131n\u0131 \u00f6\u011frenme,<\/li>\n\n<li>Yurt i\u00e7inde veya yurt d\u0131\u015f\u0131nda ki\u015fisel verilerin aktar\u0131ld\u0131\u011f\u0131 \u00fc\u00e7\u00fcnc\u00fc ki\u015fileri bilme,<\/li>\n\n<li>Ki\u015fisel verilerin eksik veya yanl\u0131\u015f i\u015flenmi\u015f olmas\u0131 h\u00e2linde bunlar\u0131n d\u00fczeltilmesini isteme,<\/li>\n\n<li>Ama\u00e7, s\u00fcre ve me\u015fruiyet prensipleri d\u00e2hilinde de\u011ferlendirilmek \u00fczere silinmesini veya yok edilmesini isteme,<\/li>\n\n<li>Ki\u015fisel verilerin d\u00fczeltilmesi, silinmesi ya da yok edilmesi halinde bu i\u015flemlerin ki\u015fisel verilerin aktar\u0131ld\u0131\u011f\u0131 \u00fc\u00e7\u00fcnc\u00fc ki\u015filere bildirilmesini isteme,<\/li>\n\n<li>\u0130\u015flenen verilerin m\u00fcnhas\u0131ran otomatik sistemler vas\u0131tas\u0131yla analiz edilmesi durumunda aleyhinize bir sonucun ortaya \u00e7\u0131kmas\u0131 halinde bu sonuca itiraz etme,<\/li>\n\n<li>Ki\u015fisel verilerin kanuna ayk\u0131r\u0131 olarak i\u015flenmesi ve bu sebeple zarara u\u011framan\u0131z h\u00e2linde zarar\u0131n giderilmesini talep etme.<\/li><\/ul><h2 class=\"wp-block-heading\"><strong>KVKK\u2019nun 13. Maddesi Gere\u011fince, Haklar\u0131n\u0131z<\/strong> <\/h2><p>KVKK\u2019nun 13. maddesinin 1. f\u0131kras\u0131 gere\u011fince, yukar\u0131da belirtilen haklar\u0131n\u0131z\u0131 kullanmak ile ilgili talebinizi, yaz\u0131l\u0131 olarak, Ba\u015fvuru Sahibi\u2019nin \u015fahsen ba\u015fvurusu ile Noter vas\u0131tas\u0131yla, Ba\u015fvuru Sahibi\u2019nce 5070 Say\u0131l\u0131 Elektronik \u0130mza Kanununda tan\u0131ml\u0131 olan \u201cg\u00fcvenli elektronik imza\u201d ile imzalanarak, \u015eirketimizin elektronik posta adresine g\u00f6nderilmek suretiyle, \u015eirketimize iletebilirsiniz.<\/p><h2 class=\"wp-block-heading\"><strong>Veri Sorumlusu<\/strong><\/h2><ul class=\"wp-block-list\"><li><strong>Firma Ad\u0131:<\/strong> EMAN Hal\u0131c\u0131l\u0131k San. Ve Tic. Ltd. \u015eti.<\/li>\n\n<li><strong>Adres:<\/strong> Eski Edirne Asfalt\u0131 Cad. No:394 Gaziosmanpa\u015fa &#8211; \u0130stanbul<\/li>\n\n<li><strong>E-posta:<\/strong> bilgi@halifleks.com<\/li><\/ul><p><em>Ki\u015fisel verilerinizin silinmesini, yok edilmesini ya da anonim hale getirilmesini talep etmeniz halinde \u00fcyelik sistemimizden \u00e7\u0131kaca\u011f\u0131n\u0131z\u0131 ve bu kapsamda, \u00fcyelik sistemimizin sa\u011flad\u0131\u011f\u0131 avantajlardan ilgili tarih itibariyle yararland\u0131r\u0131lamayaca\u011f\u0131n\u0131z\u0131 \u00f6nemle belirtmek isteriz.<\/em><\/p>","protected":false},"excerpt":{"rendered":"<p>Biz kimiz Eman Hal\u0131c\u0131l\u0131k, \u00f6ncelikle m\u00fc\u015fterilerine daha g\u00fcvenli bir sanal deneyim ortam\u0131 sa\u011flamay\u0131 ilke edinmi\u015f bir firma olarak, a\u015fa\u011f\u0131daki gizlilik kurallar\u0131na uyulmas\u0131n\u0131 \u015fart ko\u015far. E-posta Adresleri E-posta adresiniz hi\u00e7bir nedenle ve hi\u00e7bir muhatap nezdinde a\u00e7\u0131klanmayacak ve kullan\u0131lmayacak olup, belirli zamanlarda altinbas.com ile ilgili tan\u0131t\u0131m ve bilgilendirmelerde kullan\u0131lacakt\u0131r. Ki\u015fisel Bilgiler Bize verdi\u011finiz ki\u015fisel bilgiler, sizin onay\u0131n\u0131z [&hellip;]<\/p>","protected":false},"author":1,"featured_media":0,"parent":0,"menu_order":0,"comment_status":"closed","ping_status":"open","template":"","meta":{"_acf_changed":false,"footnotes":""},"class_list":["post-3","page","type-page","status-publish","hentry"],"acf":[],"aioseo_notices":[],"_links":{"self":[{"href":"https:\/\/www.kivircikhali.com\/en\/wp-json\/wp\/v2\/pages\/3","targetHints":{"allow":["GET"]}}],"collection":[{"href":"https:\/\/www.kivircikhali.com\/en\/wp-json\/wp\/v2\/pages"}],"about":[{"href":"https:\/\/www.kivircikhali.com\/en\/wp-json\/wp\/v2\/types\/page"}],"author":[{"embeddable":true,"href":"https:\/\/www.kivircikhali.com\/en\/wp-json\/wp\/v2\/users\/1"}],"replies":[{"embeddable":true,"href":"https:\/\/www.kivircikhali.com\/en\/wp-json\/wp\/v2\/comments?post=3"}],"version-history":[{"count":0,"href":"https:\/\/www.kivircikhali.com\/en\/wp-json\/wp\/v2\/pages\/3\/revisions"}],"wp:attachment":[{"href":"https:\/\/www.kivircikhali.com\/en\/wp-json\/wp\/v2\/media?parent=3"}],"curies":[{"name":"wp","href":"https:\/\/api.w.org\/{rel}","templated":true}]}}