{"id":391,"date":"2025-07-10T08:22:28","date_gmt":"2025-07-10T08:22:28","guid":{"rendered":"https:\/\/www.kivircikhali.com\/?post_type=product&#038;p=391"},"modified":"2025-07-26T06:57:09","modified_gmt":"2025-07-26T06:57:09","slug":"bordo-kivircik-paspasi","status":"publish","type":"product","link":"https:\/\/www.kivircikhali.com\/en\/product\/bordo-kivircik-paspasi\/","title":{"rendered":"Claret Red Curly Mat"},"content":{"rendered":"<h2>Bordo K\u0131v\u0131rc\u0131k Paspas\u0131 \u00d6zellikleri<\/h2>\n<ul>\n<li><strong>Thickness:<\/strong> 14 mm<\/li>\n<li><strong>\u00d6l\u00e7\u00fcler:<\/strong> 100cm x 15 | 120cm x 15<\/li>\n<li><strong>Weight:<\/strong> 3,000 Kg<\/li>\n<li><strong>Kullan\u0131m Alan\u0131:<\/strong> \u0130\u00e7 ve d\u0131\u015f mekanlar<\/li>\n<\/ul>\n<h3>Fonksiyonel Yap\u0131<\/h3>\n<ul>\n<li>Kal\u0131n lifli ve esnek yap\u0131, ayakkab\u0131 taban\u0131ndaki toz, kir ve nemi kolayca temizler.<\/li>\n<li>Antistatik, alev geciktirici ve UV \u0131\u015f\u0131nlar\u0131na dayan\u0131kl\u0131d\u0131r.<\/li>\n<li>Ayakta konfor sa\u011flar, yorgunluk yapmaz.<\/li>\n<\/ul>\n<h3>Sa\u011fl\u0131k ve Temizlik Avantajlar\u0131<\/h3>\n<ul>\n<li>Kansorejen madde i\u00e7ermez, g\u00fcvenli kullan\u0131m sunar.<\/li>\n<li>Kimyasal kullanmadan, yaln\u0131zca su ile kolayca temizlenebilir.<\/li>\n<li>Hijyenik, uzun \u00f6m\u00fcrl\u00fc ve dekoratif yap\u0131s\u0131yla fark yarat\u0131r.<\/li>\n<\/ul>\n<p><strong>Claret Red Curly Mat<\/strong>, \u00f6zellikle yo\u011fun kullan\u0131m alanlar\u0131nda \u015f\u0131kl\u0131\u011f\u0131 ve fonksiyonu bir araya getirerek pratik bir paspas \u00e7\u00f6z\u00fcm\u00fcd\u00fcr.<\/p>","protected":false},"excerpt":{"rendered":"<p><strong>Claret Red Curly Mat<\/strong>, i\u00e7 ve d\u0131\u015f mekanlar i\u00e7in estetik ve dayan\u0131kl\u0131 bir tercihtir. Esnek yap\u0131s\u0131 ve kolay temizlenebilirli\u011fi ile \u00f6ne \u00e7\u0131kar.<\/p>","protected":false},"featured_media":392,"comment_status":"open","ping_status":"closed","template":"","meta":{"_acf_changed":false},"product_brand":[],"product_cat":[45,60,61,37],"product_tag":[82,74,67,75,76,65,72,66,77,68,71,64,83,80,78,79,69,73,81,70],"class_list":{"0":"post-391","1":"product","2":"type-product","3":"status-publish","4":"has-post-thumbnail","6":"product_cat-claret-red","7":"product_cat-havuz-kenari-paspasi","8":"product_cat-islak-zemin-paspasi","9":"product_cat-kivircik-paspas","10":"product_tag-dekoratif-dis-mekan-paspas","11":"product_tag-delikli-paspas","12":"product_tag-dis-mekan-paspasi","13":"product_tag-endustriyel-zemin-paspasi","14":"product_tag-giris-paspasi","15":"product_tag-havuz-kenari-paspas","16":"product_tag-hijyenik-zemin-paspasi","17":"product_tag-islak-zemin-paspasi","18":"product_tag-kaydirmaz-yer-paspasi","19":"product_tag-kaymaz-paspas","20":"product_tag-kir-tutmayan-paspas","21":"product_tag-kivircik-paspas","22":"product_tag-kolay-temizlenen-paspas","23":"product_tag-paspas-dus-alani","24":"product_tag-paspas-havuz-alani","25":"product_tag-paspas-islak-zemin","26":"product_tag-pvc-paspas","27":"product_tag-su-gecirmez-paspas","28":"product_tag-uzun-omurlu-paspas","29":"product_tag-yogun-kullanima-uygun-paspas","31":"first","32":"instock","33":"shipping-taxable","34":"purchasable","35":"product-type-simple"},"acf":[],"aioseo_notices":[],"_links":{"self":[{"href":"https:\/\/www.kivircikhali.com\/en\/wp-json\/wp\/v2\/product\/391","targetHints":{"allow":["GET"]}}],"collection":[{"href":"https:\/\/www.kivircikhali.com\/en\/wp-json\/wp\/v2\/product"}],"about":[{"href":"https:\/\/www.kivircikhali.com\/en\/wp-json\/wp\/v2\/types\/product"}],"replies":[{"embeddable":true,"href":"https:\/\/www.kivircikhali.com\/en\/wp-json\/wp\/v2\/comments?post=391"}],"wp:featuredmedia":[{"embeddable":true,"href":"https:\/\/www.kivircikhali.com\/en\/wp-json\/wp\/v2\/media\/392"}],"wp:attachment":[{"href":"https:\/\/www.kivircikhali.com\/en\/wp-json\/wp\/v2\/media?parent=391"}],"wp:term":[{"taxonomy":"product_brand","embeddable":true,"href":"https:\/\/www.kivircikhali.com\/en\/wp-json\/wp\/v2\/product_brand?post=391"},{"taxonomy":"product_cat","embeddable":true,"href":"https:\/\/www.kivircikhali.com\/en\/wp-json\/wp\/v2\/product_cat?post=391"},{"taxonomy":"product_tag","embeddable":true,"href":"https:\/\/www.kivircikhali.com\/en\/wp-json\/wp\/v2\/product_tag?post=391"}],"curies":[{"name":"wp","href":"https:\/\/api.w.org\/{rel}","templated":true}]}}