{"id":399,"date":"2025-07-10T08:30:20","date_gmt":"2025-07-10T08:30:20","guid":{"rendered":"https:\/\/www.kivircikhali.com\/?post_type=product&#038;p=399"},"modified":"2025-07-26T06:57:08","modified_gmt":"2025-07-26T06:57:08","slug":"kirmizi-kivircik-paspasi","status":"publish","type":"product","link":"https:\/\/www.kivircikhali.com\/en\/product\/kirmizi-kivircik-paspasi\/","title":{"rendered":"Red Curly Mat"},"content":{"rendered":"<h2>K\u0131rm\u0131z\u0131 K\u0131v\u0131rc\u0131k Paspas\u0131 \u00d6zellikleri<\/h2>\n<ul>\n<li><strong>Thickness:<\/strong> 14 mm<\/li>\n<li><strong>\u00d6l\u00e7\u00fcler:<\/strong> 100cm x 15 | 120cm x 15<\/li>\n<li><strong>Weight:<\/strong> 3,000 Kg<\/li>\n<li><strong>Kullan\u0131m Alan\u0131:<\/strong> \u0130\u00e7 ve d\u0131\u015f mekanlar<\/li>\n<\/ul>\n<h3>G\u00fc\u00e7l\u00fc Performans ve Dayan\u0131kl\u0131l\u0131k<\/h3>\n<ul>\n<li>Kal\u0131n lifli, esnek yap\u0131s\u0131 sayesinde ayakkab\u0131 taban\u0131ndaki kir, toz ve nemi etkili bi\u00e7imde temizler.<\/li>\n<li>Antistatik, alev geciktirici ve ultraviyole \u0131\u015f\u0131nlara dayan\u0131kl\u0131 \u00f6zellik ta\u015f\u0131r.<\/li>\n<li>Ayakta konfor sa\u011flar, kaymaz ve yorgunluk yapmaz.<\/li>\n<\/ul>\n<h3>Temizlik ve G\u00fcvenlik<\/h3>\n<ul>\n<li>Kansorejen madde i\u00e7ermez; \u00e7evre ve kullan\u0131c\u0131 dostudur.<\/li>\n<li>Kimyasal kullanmadan, sadece su ile y\u0131kanarak kolayca temizlenebilir.<\/li>\n<li>Hijyenik, uzun \u00f6m\u00fcrl\u00fc ve g\u00f6z al\u0131c\u0131 rengiyle estetik katk\u0131 sunar.<\/li>\n<\/ul>\n<p><strong>Red Curly Mat<\/strong>, mekanlar\u0131n\u0131za enerji katarken fonksiyonelli\u011fi ile de beklentilerin \u00f6tesine ge\u00e7er. Ev ve ticari alanlar i\u00e7in m\u00fckemmel bir tercihtir.<\/p>","protected":false},"excerpt":{"rendered":"<p><strong>Red Curly Mat<\/strong>, canl\u0131 rengi ve dayan\u0131kl\u0131 yap\u0131s\u0131yla i\u00e7 ve d\u0131\u015f mekanlarda dekoratif ve fonksiyonel bir kullan\u0131m sunar.<\/p>","protected":false},"featured_media":400,"comment_status":"open","ping_status":"closed","template":"","meta":{"_acf_changed":false},"product_brand":[],"product_cat":[60,61,40,37],"product_tag":[82,74,67,75,76,65,72,66,77,68,71,64,83,80,78,79,69,73,81,70],"class_list":{"0":"post-399","1":"product","2":"type-product","3":"status-publish","4":"has-post-thumbnail","6":"product_cat-havuz-kenari-paspasi","7":"product_cat-islak-zemin-paspasi","8":"product_cat-red","9":"product_cat-kivircik-paspas","10":"product_tag-dekoratif-dis-mekan-paspas","11":"product_tag-delikli-paspas","12":"product_tag-dis-mekan-paspasi","13":"product_tag-endustriyel-zemin-paspasi","14":"product_tag-giris-paspasi","15":"product_tag-havuz-kenari-paspas","16":"product_tag-hijyenik-zemin-paspasi","17":"product_tag-islak-zemin-paspasi","18":"product_tag-kaydirmaz-yer-paspasi","19":"product_tag-kaymaz-paspas","20":"product_tag-kir-tutmayan-paspas","21":"product_tag-kivircik-paspas","22":"product_tag-kolay-temizlenen-paspas","23":"product_tag-paspas-dus-alani","24":"product_tag-paspas-havuz-alani","25":"product_tag-paspas-islak-zemin","26":"product_tag-pvc-paspas","27":"product_tag-su-gecirmez-paspas","28":"product_tag-uzun-omurlu-paspas","29":"product_tag-yogun-kullanima-uygun-paspas","31":"first","32":"instock","33":"shipping-taxable","34":"purchasable","35":"product-type-simple"},"acf":[],"aioseo_notices":[],"_links":{"self":[{"href":"https:\/\/www.kivircikhali.com\/en\/wp-json\/wp\/v2\/product\/399","targetHints":{"allow":["GET"]}}],"collection":[{"href":"https:\/\/www.kivircikhali.com\/en\/wp-json\/wp\/v2\/product"}],"about":[{"href":"https:\/\/www.kivircikhali.com\/en\/wp-json\/wp\/v2\/types\/product"}],"replies":[{"embeddable":true,"href":"https:\/\/www.kivircikhali.com\/en\/wp-json\/wp\/v2\/comments?post=399"}],"wp:featuredmedia":[{"embeddable":true,"href":"https:\/\/www.kivircikhali.com\/en\/wp-json\/wp\/v2\/media\/400"}],"wp:attachment":[{"href":"https:\/\/www.kivircikhali.com\/en\/wp-json\/wp\/v2\/media?parent=399"}],"wp:term":[{"taxonomy":"product_brand","embeddable":true,"href":"https:\/\/www.kivircikhali.com\/en\/wp-json\/wp\/v2\/product_brand?post=399"},{"taxonomy":"product_cat","embeddable":true,"href":"https:\/\/www.kivircikhali.com\/en\/wp-json\/wp\/v2\/product_cat?post=399"},{"taxonomy":"product_tag","embeddable":true,"href":"https:\/\/www.kivircikhali.com\/en\/wp-json\/wp\/v2\/product_tag?post=399"}],"curies":[{"name":"wp","href":"https:\/\/api.w.org\/{rel}","templated":true}]}}