{"id":409,"date":"2025-07-10T08:34:02","date_gmt":"2025-07-10T08:34:02","guid":{"rendered":"https:\/\/www.kivircikhali.com\/?post_type=product&#038;p=409"},"modified":"2025-07-26T06:57:08","modified_gmt":"2025-07-26T06:57:08","slug":"turkuaz-kivircik-paspasi","status":"publish","type":"product","link":"https:\/\/www.kivircikhali.com\/en\/product\/turkuaz-kivircik-paspasi\/","title":{"rendered":"Turquoise Curly Mat"},"content":{"rendered":"<h2>Turkuaz K\u0131v\u0131rc\u0131k Paspas\u0131 \u00d6zellikleri<\/h2>\n<ul>\n<li><strong>Thickness:<\/strong> 14 mm<\/li>\n<li><strong>\u00d6l\u00e7\u00fcler:<\/strong> 100cm x 15 | 120cm x 15<\/li>\n<li><strong>Weight:<\/strong> 3,000 Kg<\/li>\n<li><strong>Kullan\u0131m Alan\u0131:<\/strong> \u0130\u00e7 ve d\u0131\u015f mekanlar<\/li>\n<\/ul>\n<h3>Estetik ve Performans<\/h3>\n<ul>\n<li>Canl\u0131 turkuaz rengiyle dekoratif bir g\u00f6r\u00fcn\u00fcm sunar.<\/li>\n<li>Kal\u0131n lifli ve esnek yap\u0131s\u0131, ayakkab\u0131 taban\u0131ndaki kir, toz ve nemi etkili \u015fekilde temizler.<\/li>\n<li>Antistatik, alev geciktirici ve UV korumal\u0131d\u0131r.<\/li>\n<\/ul>\n<h3>Temizlik ve Sa\u011fl\u0131k Avantaj\u0131<\/h3>\n<ul>\n<li>Kansorejen madde i\u00e7ermez ve \u00e7evre dostudur.<\/li>\n<li>Kimyasal kullanmadan yaln\u0131zca su ile temizlenebilir.<\/li>\n<li>K\u0131v\u0131rc\u0131k yap\u0131s\u0131 sayesinde uzun \u00f6m\u00fcrl\u00fc ve hijyeniktir.<\/li>\n<\/ul>\n<p><strong>Turquoise Curly Mat<\/strong>, modern mekanlara renk katarken i\u015flevselli\u011fiyle de beklentilerin \u00f6tesinde performans sunar. Hem ev hem de ticari alanlar i\u00e7in uygundur.<\/p>","protected":false},"excerpt":{"rendered":"<p><strong>Turquoise Curly Mat<\/strong>, estetik rengiyle dikkat \u00e7ekerken, dayan\u0131kl\u0131 ve esnek yap\u0131s\u0131yla i\u00e7 ve d\u0131\u015f mekanlarda ideal bir paspast\u0131r.<\/p>","protected":false},"featured_media":410,"comment_status":"open","ping_status":"closed","template":"","meta":{"_acf_changed":false},"product_brand":[],"product_cat":[60,61,37,42],"product_tag":[82,74,67,75,76,65,72,66,77,68,71,64,83,80,78,79,69,73,81,70],"class_list":{"0":"post-409","1":"product","2":"type-product","3":"status-publish","4":"has-post-thumbnail","6":"product_cat-havuz-kenari-paspasi","7":"product_cat-islak-zemin-paspasi","8":"product_cat-kivircik-paspas","9":"product_cat-turquoise","10":"product_tag-dekoratif-dis-mekan-paspas","11":"product_tag-delikli-paspas","12":"product_tag-dis-mekan-paspasi","13":"product_tag-endustriyel-zemin-paspasi","14":"product_tag-giris-paspasi","15":"product_tag-havuz-kenari-paspas","16":"product_tag-hijyenik-zemin-paspasi","17":"product_tag-islak-zemin-paspasi","18":"product_tag-kaydirmaz-yer-paspasi","19":"product_tag-kaymaz-paspas","20":"product_tag-kir-tutmayan-paspas","21":"product_tag-kivircik-paspas","22":"product_tag-kolay-temizlenen-paspas","23":"product_tag-paspas-dus-alani","24":"product_tag-paspas-havuz-alani","25":"product_tag-paspas-islak-zemin","26":"product_tag-pvc-paspas","27":"product_tag-su-gecirmez-paspas","28":"product_tag-uzun-omurlu-paspas","29":"product_tag-yogun-kullanima-uygun-paspas","31":"first","32":"instock","33":"shipping-taxable","34":"purchasable","35":"product-type-simple"},"acf":[],"aioseo_notices":[],"_links":{"self":[{"href":"https:\/\/www.kivircikhali.com\/en\/wp-json\/wp\/v2\/product\/409","targetHints":{"allow":["GET"]}}],"collection":[{"href":"https:\/\/www.kivircikhali.com\/en\/wp-json\/wp\/v2\/product"}],"about":[{"href":"https:\/\/www.kivircikhali.com\/en\/wp-json\/wp\/v2\/types\/product"}],"replies":[{"embeddable":true,"href":"https:\/\/www.kivircikhali.com\/en\/wp-json\/wp\/v2\/comments?post=409"}],"wp:featuredmedia":[{"embeddable":true,"href":"https:\/\/www.kivircikhali.com\/en\/wp-json\/wp\/v2\/media\/410"}],"wp:attachment":[{"href":"https:\/\/www.kivircikhali.com\/en\/wp-json\/wp\/v2\/media?parent=409"}],"wp:term":[{"taxonomy":"product_brand","embeddable":true,"href":"https:\/\/www.kivircikhali.com\/en\/wp-json\/wp\/v2\/product_brand?post=409"},{"taxonomy":"product_cat","embeddable":true,"href":"https:\/\/www.kivircikhali.com\/en\/wp-json\/wp\/v2\/product_cat?post=409"},{"taxonomy":"product_tag","embeddable":true,"href":"https:\/\/www.kivircikhali.com\/en\/wp-json\/wp\/v2\/product_tag?post=409"}],"curies":[{"name":"wp","href":"https:\/\/api.w.org\/{rel}","templated":true}]}}