{"id":778,"date":"2025-07-21T12:27:12","date_gmt":"2025-07-21T12:27:12","guid":{"rendered":"https:\/\/www.kivircikhali.com\/?post_type=product&#038;p=778"},"modified":"2025-07-26T06:57:05","modified_gmt":"2025-07-26T06:57:05","slug":"bej-kivircik-paspasi","status":"publish","type":"product","link":"https:\/\/www.kivircikhali.com\/en\/product\/bej-kivircik-paspasi\/","title":{"rendered":"Beige Curly Mat"},"content":{"rendered":"<h2>Bej K\u0131v\u0131rc\u0131k Paspas\u0131 \u00d6zellikleri<\/h2>\n<ul>\n<li><strong>Thickness:<\/strong> 14 mm<\/li>\n<li><strong>\u00d6l\u00e7\u00fcler:<\/strong> 100cm x 15 | 120cm x 15<\/li>\n<li><strong>Weight:<\/strong> 3,000 Kg<\/li>\n<li><strong>Kullan\u0131m Alan\u0131:<\/strong> \u0130\u00e7 ve d\u0131\u015f mekanlar<\/li>\n<\/ul>\n<h3>Dayan\u0131kl\u0131l\u0131k ve Konfor<\/h3>\n<ul>\n<li>Kal\u0131n lifli ve esnek yap\u0131s\u0131yla ayakkab\u0131 taban\u0131n\u0131 yormaz.<\/li>\n<li>\u0130nce toz, kir ve kaba nemi temizlemeye yard\u0131mc\u0131 olur.<\/li>\n<li>Antistatik, alev geciktirici ve ultraviyole \u0131\u015f\u0131nlar\u0131na kar\u015f\u0131 dayan\u0131kl\u0131d\u0131r.<\/li>\n<\/ul>\n<h3>Sa\u011fl\u0131k ve Temizlik<\/h3>\n<ul>\n<li>Kansorejen madde i\u00e7ermez.<\/li>\n<li>Kimyasal kullanmadan, sadece su ile kolayca temizlenebilir.<\/li>\n<li>K\u0131v\u0131rc\u0131k yap\u0131s\u0131 sayesinde uzun \u00f6m\u00fcrl\u00fc ve hijyeniktir.<\/li>\n<\/ul>\n<p><strong>Beige Curly Mat<\/strong>, hem \u015f\u0131kl\u0131\u011f\u0131 hem de fonksiyonelli\u011fi ile ya\u015fam alanlar\u0131n\u0131za de\u011fer katar. Dekoratif ve pratik bir zemin \u00e7\u00f6z\u00fcm\u00fcd\u00fcr.<\/p>","protected":false},"excerpt":{"rendered":"<p><strong>Beige Curly Mat<\/strong>, modern tasar\u0131m\u0131 ve dayan\u0131kl\u0131 yap\u0131s\u0131yla i\u00e7 ve d\u0131\u015f mekanlarda ideal bir \u00e7\u00f6z\u00fcmd\u00fcr. UV korumal\u0131 ve esnek yap\u0131dad\u0131r.<\/p>","protected":false},"featured_media":779,"comment_status":"open","ping_status":"closed","template":"","meta":{"_acf_changed":false},"product_brand":[],"product_cat":[60,61,37],"product_tag":[82,74,67,75,76,65,72,66,77,68,71,64,83,80,78,79,69,73,81,70],"class_list":{"0":"post-778","1":"product","2":"type-product","3":"status-publish","4":"has-post-thumbnail","6":"product_cat-havuz-kenari-paspasi","7":"product_cat-islak-zemin-paspasi","8":"product_cat-kivircik-paspas","9":"product_tag-dekoratif-dis-mekan-paspas","10":"product_tag-delikli-paspas","11":"product_tag-dis-mekan-paspasi","12":"product_tag-endustriyel-zemin-paspasi","13":"product_tag-giris-paspasi","14":"product_tag-havuz-kenari-paspas","15":"product_tag-hijyenik-zemin-paspasi","16":"product_tag-islak-zemin-paspasi","17":"product_tag-kaydirmaz-yer-paspasi","18":"product_tag-kaymaz-paspas","19":"product_tag-kir-tutmayan-paspas","20":"product_tag-kivircik-paspas","21":"product_tag-kolay-temizlenen-paspas","22":"product_tag-paspas-dus-alani","23":"product_tag-paspas-havuz-alani","24":"product_tag-paspas-islak-zemin","25":"product_tag-pvc-paspas","26":"product_tag-su-gecirmez-paspas","27":"product_tag-uzun-omurlu-paspas","28":"product_tag-yogun-kullanima-uygun-paspas","30":"first","31":"instock","32":"shipping-taxable","33":"purchasable","34":"product-type-simple"},"acf":[],"aioseo_notices":[],"_links":{"self":[{"href":"https:\/\/www.kivircikhali.com\/en\/wp-json\/wp\/v2\/product\/778","targetHints":{"allow":["GET"]}}],"collection":[{"href":"https:\/\/www.kivircikhali.com\/en\/wp-json\/wp\/v2\/product"}],"about":[{"href":"https:\/\/www.kivircikhali.com\/en\/wp-json\/wp\/v2\/types\/product"}],"replies":[{"embeddable":true,"href":"https:\/\/www.kivircikhali.com\/en\/wp-json\/wp\/v2\/comments?post=778"}],"wp:featuredmedia":[{"embeddable":true,"href":"https:\/\/www.kivircikhali.com\/en\/wp-json\/wp\/v2\/media\/779"}],"wp:attachment":[{"href":"https:\/\/www.kivircikhali.com\/en\/wp-json\/wp\/v2\/media?parent=778"}],"wp:term":[{"taxonomy":"product_brand","embeddable":true,"href":"https:\/\/www.kivircikhali.com\/en\/wp-json\/wp\/v2\/product_brand?post=778"},{"taxonomy":"product_cat","embeddable":true,"href":"https:\/\/www.kivircikhali.com\/en\/wp-json\/wp\/v2\/product_cat?post=778"},{"taxonomy":"product_tag","embeddable":true,"href":"https:\/\/www.kivircikhali.com\/en\/wp-json\/wp\/v2\/product_tag?post=778"}],"curies":[{"name":"wp","href":"https:\/\/api.w.org\/{rel}","templated":true}]}}