{"id":98,"date":"2024-11-04T10:47:38","date_gmt":"2024-11-04T10:47:38","guid":{"rendered":"https:\/\/www.kivircikhali.com\/?post_type=product&#038;p=98"},"modified":"2025-04-26T01:59:55","modified_gmt":"2025-04-26T01:59:55","slug":"welcome-baskili-kivircik-kapi-onu-paspasi","status":"publish","type":"product","link":"https:\/\/www.kivircikhali.com\/en\/product\/welcome-baskili-kivircik-kapi-onu-paspasi\/","title":{"rendered":"Welcome Printed Curly Door Mat"},"content":{"rendered":"<div class=\"row\">\n<div class=\"col-main col-sm-24\">\n<div class=\"col-wrapper-main\">\n<div class=\"product-view\">\n<div class=\"product-collateral\">\n<div class=\"product-detail-tab\">\n<div class=\"nav-tab-content tab-content\">\n<div id=\"box-description\" class=\"box-collateral box-description tab-pane fade active in\">\n<div class=\"std\">\u00dcr\u00fcn Ebat\u0131 : 45 cm x 75cm Kal\u0131nl\u0131k : 13 mm \u00dcst Y\u00fczey : Vinil K\u0131v\u0131rc\u0131k \u015eekilde \u00d6r\u00fclm\u00fc\u015f Taban Cinsi : Vinil A\u00e7\u0131k Kolay Temizlenen Yap\u0131 , Y\u0131kamaya Uygun ve Rengi Solmaz Alev Almaz Kiri \u0130\u00e7erisinde Tutan \u00d6zel Yap\u0131 T\u00fcrkiye&#8217;de \u00dcretilmi\u015ftir.<\/div>\n<\/div>\n<\/div>\n<\/div>\n<\/div>\n<\/div>\n<\/div>\n<\/div>\n<\/div>\n<div class=\"row\"><\/div>","protected":false},"excerpt":{"rendered":"<p>\u00dcr\u00fcn Ebat\u0131 : 45 cm x 75cm<br \/>\nKal\u0131nl\u0131k : 13 mm<br \/>\n\u00dcst Y\u00fczey : Vinil K\u0131v\u0131rc\u0131k \u015eekilde \u00d6r\u00fclm\u00fc\u015f<br \/>\nTaban Cinsi : Vinil A\u00e7\u0131k<br \/>\nKolay Temizlenen Yap\u0131 , Y\u0131kamaya Uygun ve Rengi Solmaz<br \/>\nAlev Almaz<br \/>\nKiri \u0130\u00e7erisinde Tutan \u00d6zel Yap\u0131<br \/>\nT\u00fcrkiye&#8217;de \u00dcretilmi\u015ftir.<\/p>","protected":false},"featured_media":99,"comment_status":"open","ping_status":"closed","template":"","meta":{"_acf_changed":false},"product_brand":[],"product_cat":[17],"product_tag":[18],"class_list":{"0":"post-98","1":"product","2":"type-product","3":"status-publish","4":"has-post-thumbnail","6":"product_cat-kapi-onu-paspasi","7":"product_tag-kivircik-kapi-onu-paspasi","9":"first","10":"instock","11":"shipping-taxable","12":"purchasable","13":"product-type-simple"},"acf":[],"aioseo_notices":[],"_links":{"self":[{"href":"https:\/\/www.kivircikhali.com\/en\/wp-json\/wp\/v2\/product\/98","targetHints":{"allow":["GET"]}}],"collection":[{"href":"https:\/\/www.kivircikhali.com\/en\/wp-json\/wp\/v2\/product"}],"about":[{"href":"https:\/\/www.kivircikhali.com\/en\/wp-json\/wp\/v2\/types\/product"}],"replies":[{"embeddable":true,"href":"https:\/\/www.kivircikhali.com\/en\/wp-json\/wp\/v2\/comments?post=98"}],"wp:featuredmedia":[{"embeddable":true,"href":"https:\/\/www.kivircikhali.com\/en\/wp-json\/wp\/v2\/media\/99"}],"wp:attachment":[{"href":"https:\/\/www.kivircikhali.com\/en\/wp-json\/wp\/v2\/media?parent=98"}],"wp:term":[{"taxonomy":"product_brand","embeddable":true,"href":"https:\/\/www.kivircikhali.com\/en\/wp-json\/wp\/v2\/product_brand?post=98"},{"taxonomy":"product_cat","embeddable":true,"href":"https:\/\/www.kivircikhali.com\/en\/wp-json\/wp\/v2\/product_cat?post=98"},{"taxonomy":"product_tag","embeddable":true,"href":"https:\/\/www.kivircikhali.com\/en\/wp-json\/wp\/v2\/product_tag?post=98"}],"curies":[{"name":"wp","href":"https:\/\/api.w.org\/{rel}","templated":true}]}}